{"id":6264,"date":"2019-04-06T18:56:07","date_gmt":"2019-04-06T16:56:07","guid":{"rendered":"https:\/\/forologika.gr\/?page_id=6264"},"modified":"2019-05-26T17:01:59","modified_gmt":"2019-05-26T15:01:59","slug":"german","status":"publish","type":"page","link":"https:\/\/forologika.gr\/?page_id=6264","title":{"rendered":"German"},"content":{"rendered":"<p>[vc_row][vc_column][vc_column_text]<span style=\"font-size: 18pt;\">Unser B\u00fcro ist seit 1982 in Patras t\u00e4tig und bietet eine breite Palette von Buchhaltungs- und Steuerdienstleistungen an, die stets verantwortlich, konsistent und effizient sind.<\/span>[\/vc_column_text][stm_spacing][\/vc_column][\/vc_row][vc_row][vc_column width=&#8221;1\/2&#8243;][vc_column_text]<span style=\"font-size: 14pt;\"><strong>Dienstleistungen f\u00fcr Einzelpersonen<\/strong><\/span><\/p>\n<p>Wir bieten Buchhaltung und Steuerdienstleistungen f\u00fcr Einzelpersonen an[\/vc_column_text][vc_column_text]Einreichung von Steuererkl\u00e4rungen f\u00fcr Einkommen und Immobilien in Griechenland[\/vc_column_text][\/vc_column][vc_column width=&#8221;1\/2&#8243;][vc_column_text]<span style=\"font-size: 14pt;\"><strong>An Unternehmen<\/strong><\/span><\/p>\n<p><span style=\"font-size: 14pt;\">Wir \u00fcbernehmen die \u00dcberwachung der Gesch\u00e4ftsb\u00fccher in Griechenland<\/span>[\/vc_column_text][\/vc_column][\/vc_row][vc_row][vc_column width=&#8221;1\/2&#8243;][vc_column_text]<\/p>\n<div>\n<div id=\"tw-target\">\n<div id=\"tw-target-text-container\">\n<pre id=\"tw-target-text\" dir=\"ltr\" data-placeholder=\"\u039c\u03b5\u03c4\u03ac\u03c6\u03c1\u03b1\u03c3\u03b7\" data-fulltext=\"\"><span lang=\"de\" style=\"font-family: georgia, palatino, serif;\" tabindex=\"0\"><strong>Kommunikation<\/strong>:\r\n<span lang=\"de\" tabindex=\"0\">Tel: +30 2610 008828<\/span>\r\nTel: +30 2610 362078\r\nVardas Dimitrios\r\n<\/span><\/pre>\n<\/div>\n<\/div>\n<\/div>\n<p>[\/vc_column_text][vc_separator][stm_spacing][vc_hoverbox image=&#8221;5703&#8243; primary_title=&#8221;Accounting and Tax Team&#8221; primary_title_font_container=&#8221;font_size:50|color:%23ffffff&#8221; primary_title_google_fonts=&#8221;font_family:EB%20Garamond%3Aregular|font_style:400%20regular%3A400%3Anormal&#8221; hover_title=&#8221;Seminare&#8221; use_custom_fonts_primary_title=&#8221;true&#8221;]<span style=\"font-size: 18pt; font-family: georgia, palatino, serif;\"><span lang=\"de\" tabindex=\"0\">Seminare f\u00fcr Buchhaltung und Computerzertifizierung <\/span><span lang=\"de\" tabindex=\"0\">in der griechischen Sprache<\/span><\/span><\/p>\n<p><span lang=\"de\" style=\"font-family: georgia, palatino, serif; font-size: 18pt;\" tabindex=\"0\">\u00a0<\/span><\/p>\n<p>[\/vc_hoverbox][\/vc_column][vc_column width=&#8221;1\/2&#8243;][vc_column_text]<\/p>\n<pre><span lang=\"de\" style=\"font-family: georgia, palatino, serif;\" tabindex=\"0\"><strong>Email<\/strong>:<\/span>\r\n\r\n<span lang=\"de\" style=\"font-family: georgia, palatino, serif;\" tabindex=\"0\">vardas@forologika.gr<\/span><\/pre>\n<p>[\/vc_column_text][vc_separator][vc_gallery images=&#8221;6705&#8243; img_size=&#8221;medium&#8221; title=&#8221;Logo&#8221;][\/vc_column][\/vc_row][vc_row][vc_column][stm_spacing][\/vc_column][\/vc_row][vc_row][vc_column][stm_spacing][vc_separator][stm_spacing][vc_gmaps link=&#8221;#E-8_JTNDaWZyYW1lJTIwc3JjJTNEJTIyaHR0cHMlM0ElMkYlMkZ3d3cuZ29vZ2xlLmNvbSUyRm1hcHMlMkZlbWJlZCUzRnBiJTNEJTIxMW0xOCUyMTFtMTIlMjExbTMlMjExZDMxMzMuNDAxNTc2MDY5MDMzNiUyMTJkMjEuNzMyMDU5ODk1ODg3NDM1JTIxM2QzOC4yNDY5OTE0MjY4MTY2MiUyMTJtMyUyMTFmMCUyMTJmMCUyMTNmMCUyMTNtMiUyMTFpMTAyNCUyMTJpNzY4JTIxNGYxMy4xJTIxM20zJTIxMW0yJTIxMXMweDEzNWU0OWRjZmRjNTEzZjElMjUzQTB4NjUzN2QwOGNiNGJkMDYzNSUyMTJ6enBMT2tjNmh6cFRPa2M2aklNNmJ6cF9Pazg2WnpxUE9wTTZaenByT2tTRE9tczZSenBrZ3pxYk9uODZoenBfT204NmZ6cFBPbWM2YXpwRWdMU0RPbzg2Y3pwTE9uODZsenB2T244NlpJTTZWenFET21jNm56cFhPbWM2aHpwZk9vODZWenFuT25TRE9rUzdPbFElMjE1ZTAlMjEzbTIlMjExc2VsJTIxMnNnciUyMTR2MTU1NDU3MTAzOTQ5NyUyMTVtMiUyMTFzZWwlMjEyc2dyJTIyJTIwd2lkdGglM0QlMjI2MDAlMjIlMjBoZWlnaHQlM0QlMjI0NTAlMjIlMjBmcmFtZWJvcmRlciUzRCUyMjAlMjIlMjBzdHlsZSUzRCUyMmJvcmRlciUzQTAlMjIlMjBhbGxvd2Z1bGxzY3JlZW4lM0UlM0MlMkZpZnJhbWUlM0U=&#8221;][\/vc_column][\/vc_row][vc_row][vc_column][\/vc_column][\/vc_row]<\/p>\n","protected":false},"excerpt":{"rendered":"<p>[vc_row][vc_column][vc_column_text]Unser B\u00fcro ist seit 1982 in Patras t\u00e4tig und bietet eine breite Palette von Buchhaltungs- und Steuerdienstleistungen an, die stets verantwortlich, konsistent und effizient sind.[\/vc_column_text][stm_spacing][\/vc_column][\/vc_row][vc_row][vc_column width=&#8221;1\/2&#8243;][vc_column_text]Dienstleistungen f\u00fcr Einzelpersonen Wir bieten Buchhaltung und Steuerdienstleistungen f\u00fcr Einzelpersonen an[\/vc_column_text][vc_column_text]Einreichung von Steuererkl\u00e4rungen f\u00fcr Einkommen und Immobilien in Griechenland[\/vc_column_text][\/vc_column][vc_column width=&#8221;1\/2&#8243;][vc_column_text]An Unternehmen Wir \u00fcbernehmen die \u00dcberwachung der Gesch\u00e4ftsb\u00fccher in Griechenland[\/vc_column_text][\/vc_column][\/vc_row][vc_row][vc_column width=&#8221;1\/2&#8243;][vc_column_text]<\/p>\n","protected":false},"author":1,"featured_media":0,"parent":0,"menu_order":0,"comment_status":"closed","ping_status":"closed","template":"","meta":{"content-type":"","footnotes":""},"class_list":["post-6264","page","type-page","status-publish","hentry"],"_links":{"self":[{"href":"https:\/\/forologika.gr\/index.php?rest_route=\/wp\/v2\/pages\/6264","targetHints":{"allow":["GET"]}}],"collection":[{"href":"https:\/\/forologika.gr\/index.php?rest_route=\/wp\/v2\/pages"}],"about":[{"href":"https:\/\/forologika.gr\/index.php?rest_route=\/wp\/v2\/types\/page"}],"author":[{"embeddable":true,"href":"https:\/\/forologika.gr\/index.php?rest_route=\/wp\/v2\/users\/1"}],"replies":[{"embeddable":true,"href":"https:\/\/forologika.gr\/index.php?rest_route=%2Fwp%2Fv2%2Fcomments&post=6264"}],"version-history":[{"count":47,"href":"https:\/\/forologika.gr\/index.php?rest_route=\/wp\/v2\/pages\/6264\/revisions"}],"predecessor-version":[{"id":6706,"href":"https:\/\/forologika.gr\/index.php?rest_route=\/wp\/v2\/pages\/6264\/revisions\/6706"}],"wp:attachment":[{"href":"https:\/\/forologika.gr\/index.php?rest_route=%2Fwp%2Fv2%2Fmedia&parent=6264"}],"curies":[{"name":"wp","href":"https:\/\/api.w.org\/{rel}","templated":true}]}}